{"id":208,"date":"2025-11-18T08:43:21","date_gmt":"2025-11-18T01:43:21","guid":{"rendered":"http:\/\/getvisavietnam.com\/?page_id=208"},"modified":"2026-03-26T09:22:57","modified_gmt":"2026-03-26T02:22:57","slug":"traslado-en-coche-desde-el-aeropuerto","status":"publish","type":"page","link":"https:\/\/www.getvisavietnam.com\/es\/servicio-extra\/traslado-en-coche-desde-el-aeropuerto\/","title":{"rendered":"Traslado en coche desde el aeropuerto"},"content":{"rendered":"<p>La normativa vigente en Vietnam proh\u00edbe conducir sin una licencia vietnamita. Actualmente, la licencia internacional no es v\u00e1lida en Vietnam. El alquiler de coche con conductor es una opci\u00f3n muy popular. De ah\u00ed, le ofrecemos servicios de transporte confiables y de alta calidad.<\/p>\n<p>Nuestra flota incluye una amplia variedad de veh\u00edculos, desde 4 hasta 45 plazas, tales como sedanes, SUV y MPV para viajeros individuales o familias, as\u00ed como furgonetas y autobuses para grupos grandes. Todos nuestros veh\u00edculos se encuentran en excelentes condiciones, reciben mantenimiento regular y ofrecen un entorno c\u00f3modo, limpio y elegante. Adem\u00e1s, todos los asientos est\u00e1n equipados con cinturones de seguridad.<\/p>\n<p>Asimismo, ofrecemos servicios de alquiler de coches por d\u00eda, por mes o a largo plazo, con ofertas especiales. Tambi\u00e9n disponemos de conductores de habla inglesa, disponibles incluso los fines de semana. No sea reluctante en contactarnos.<\/p>\n<div class=\"col-12 col-sm-6 tourist-visa-fees\">\n<table class=\"table fee-table font-weight-bold\">\n<thead>\n<tr>\n<th class=\"text-center\"><b>Servicio de traslado<\/b><\/th>\n<th class=\"text-center\"><b>Costo del servicio<\/b><\/th>\n<\/tr>\n<\/thead>\n<tbody>\n<tr>\n<td class=\"text-center\">4 plazas<\/td>\n<td class=\"text-center\">26 USD<\/td>\n<\/tr>\n<tr>\n<td class=\"text-center\">7 plazas<\/td>\n<td class=\"text-center\">33 USD<\/td>\n<\/tr>\n<tr>\n<td class=\"text-center\">16 plazas<\/td>\n<td class=\"text-center\">70 USD<\/td>\n<\/tr>\n<\/tbody>\n<\/table>\n<\/div>\n<p><b><i>(Nota: La tarifa se incrementar\u00e1 en 5 USD por veh\u00edculo si el traslado se realiza antes de las 07:00 o despu\u00e9s de las 21:00.<\/i><\/b><\/p>\n<h2><b>RESERVA DE VEH\u00cdCULO<\/b><\/h2>\n<hr \/>\n<div class=\"wpforms-container wpforms-container-full\" id=\"wpforms-37788\"><form id=\"wpforms-form-37788\" class=\"wpforms-validate wpforms-form\" data-formid=\"37788\" method=\"post\" enctype=\"multipart\/form-data\" action=\"\/es\/wp-json\/wp\/v2\/pages\/208\"><div class=\"wpforms-field-container\"><div id=\"wpforms-37788-field_12-container\" class=\"wpforms-field wpforms-field-select\" data-field-id=\"12\"><label class=\"wpforms-field-label wpforms-label-hide\" for=\"wpforms-37788-field_12\">Arrival airport <span class=\"wpforms-required-label\">*<\/span><\/label><select id=\"wpforms-37788-field_12\" class=\"wpforms-field-large wpforms-field-required\" name=\"wpforms[fields][12]\" required=\"required\"><option value=\"\" class=\"placeholder\" disabled  selected='selected'>Seleccione el aeropuerto de llegada<\/option><option value=\"Noi Bai Airport (Ha Noi)\" >Noi Bai Airport (Ha Noi)<\/option><option value=\"Tan Son Nhat Airport (Ho Chi Minh City)\" >Tan Son Nhat Airport (Ho Chi Minh City)<\/option><option value=\"Da Nang Airport (Da Nang City)\" >Da Nang Airport (Da Nang City)<\/option><option value=\"Cam Ranh Airport (Nha Trang City)\" >Cam Ranh Airport (Nha Trang City)<\/option><option value=\"Cat Bi Airport (Hai Phong City)\" >Cat Bi Airport (Hai Phong City)<\/option><\/select><\/div><div id=\"wpforms-37788-field_4-container\" class=\"wpforms-field wpforms-field-date-time\" data-field-id=\"4\"><label class=\"wpforms-field-label\" for=\"wpforms-37788-field_4\">Hora de recogida <span class=\"wpforms-required-label\">*<\/span><\/label><div class=\"wpforms-field-row wpforms-field-large\"><div class=\"wpforms-field-row-block wpforms-one-half wpforms-first\"><input type=\"text\" id=\"wpforms-37788-field_4\" class=\"wpforms-field-date-time-date wpforms-datepicker wpforms-field-required\" data-date-format=\"F j, Y\" name=\"wpforms[fields][4][date]\" placeholder=\"mm\/dd\/yyyy\" required><label for=\"wpforms-37788-field_4\" class=\"wpforms-field-sublabel after wpforms-sublabel-hide\">Date<\/label><\/div><div class=\"wpforms-field-row-block wpforms-one-half\"><input type=\"text\" id=\"wpforms-37788-field_4-time\" class=\"wpforms-field-date-time-time wpforms-timepicker wpforms-field-required\" data-rule-time24h=\"true\" data-time-format=\"H:i\" data-step=\"30\" name=\"wpforms[fields][4][time]\" placeholder=\"08:00\" required><label for=\"wpforms-37788-field_4-time\" class=\"wpforms-field-sublabel after wpforms-sublabel-hide\">Time<\/label><\/div><\/div><\/div><div id=\"wpforms-37788-field_16-container\" class=\"wpforms-field wpforms-field-text\" data-field-id=\"16\"><label class=\"wpforms-field-label wpforms-label-hide\" for=\"wpforms-37788-field_16\">Drop Off <span class=\"wpforms-required-label\">*<\/span><\/label><input type=\"text\" id=\"wpforms-37788-field_16\" class=\"wpforms-field-large wpforms-field-required\" name=\"wpforms[fields][16]\" placeholder=\"Destino (centro de la ciudad u hotel)\" required><\/div><div id=\"wpforms-37788-field_13-container\" class=\"wpforms-field wpforms-field-payment-select\" data-field-id=\"13\"><label class=\"wpforms-field-label wpforms-label-hide\" for=\"wpforms-37788-field_13\">Tipo de veh\u00edculo <span class=\"wpforms-required-label\">*<\/span><\/label><select id=\"wpforms-37788-field_13\" class=\"wpforms-payment-price wpforms-field-large wpforms-field-required\" name=\"wpforms[fields][13]\" required=\"required\"><option value=\"\" class=\"placeholder\" disabled  selected='selected'>Tipo de veh\u00edculo<\/option><option value=\"1\" data-amount=\"26.00\" >4 plazas<\/option><option value=\"2\" data-amount=\"33.00\" >7 plazas<\/option><option value=\"3\" data-amount=\"70.00\" >16 plazas<\/option><\/select><\/div><div id=\"wpforms-37788-field_1-container\" class=\"wpforms-field wpforms-field-name\" data-field-id=\"1\"><label class=\"wpforms-field-label wpforms-label-hide\" for=\"wpforms-37788-field_1\">Nombre completo <span class=\"wpforms-required-label\">*<\/span><\/label><input type=\"text\" id=\"wpforms-37788-field_1\" class=\"wpforms-field-large wpforms-field-required\" name=\"wpforms[fields][1]\" placeholder=\"Nombre completo\" required><\/div><div id=\"wpforms-37788-field_2-container\" class=\"wpforms-field wpforms-field-email\" data-field-id=\"2\"><label class=\"wpforms-field-label wpforms-label-hide\" for=\"wpforms-37788-field_2\">Correo electr\u00f3nico <span class=\"wpforms-required-label\">*<\/span><\/label><input type=\"email\" id=\"wpforms-37788-field_2\" class=\"wpforms-field-large wpforms-field-required\" name=\"wpforms[fields][2]\" placeholder=\"Correo electr\u00f3nico\" required><\/div><div id=\"wpforms-37788-field_6-container\" class=\"wpforms-field wpforms-field-text\" data-field-id=\"6\"><label class=\"wpforms-field-label wpforms-label-hide\" for=\"wpforms-37788-field_6\">N\u00famero de tel\u00e9fono <span class=\"wpforms-required-label\">*<\/span><\/label><input type=\"text\" id=\"wpforms-37788-field_6\" class=\"wpforms-field-large wpforms-field-required\" name=\"wpforms[fields][6]\" placeholder=\"N\u00famero de tel\u00e9fono\" required><\/div><div id=\"wpforms-37788-field_14-container\" class=\"wpforms-field wpforms-field-textarea\" data-field-id=\"14\"><label class=\"wpforms-field-label wpforms-label-hide\" for=\"wpforms-37788-field_14\">Message <span class=\"wpforms-required-label\">*<\/span><\/label><textarea id=\"wpforms-37788-field_14\" class=\"wpforms-field-small wpforms-field-required\" name=\"wpforms[fields][14]\" placeholder=\"Mensaje (n\u00famero de vuelo \/ hora de llegada u otras preguntas)\" required><\/textarea><\/div><div id=\"wpforms-37788-field_18-container\" class=\"wpforms-field wpforms-field-captcha\" data-field-id=\"18\"><label class=\"wpforms-field-label\" for=\"wpforms-37788-field_18\">Captcha <span class=\"wpforms-required-label\">*<\/span><\/label>\t\t\t<div class=\"wpforms-captcha-math\">\n\t\t\t\t<span class=\"wpforms-captcha-equation\">\n\t\t\t\t\t<span class=\"n1\"><\/span>\n\t\t\t\t\t<span class=\"cal\"><\/span>\n\t\t\t\t\t<span class=\"n2\"><\/span>\n\t\t\t\t\t<span class=\"e\">=<\/span>\n\t\t\t\t<\/span>\n\t\t\t\t<input type=\"text\" id=\"wpforms-37788-field_18\" class=\"wpforms-field-medium wpforms-field-required a\" data-rule-wpf-captcha=\"math\" name=\"wpforms[fields][18][a]\" required>\t\t\t\t<input type=\"hidden\" name=\"wpforms[fields][18][cal]\" class=\"cal\">\n\t\t\t\t<input type=\"hidden\" name=\"wpforms[fields][18][n2]\" class=\"n2\">\n\t\t\t\t<input type=\"hidden\" name=\"wpforms[fields][18][n1]\" class=\"n1\">\n\t\t\t<\/div>\n\t\t\t<\/div><\/div><div class=\"wpforms-field wpforms-field-hp\"><label for=\"wpforms-37788-field-hp\" class=\"wpforms-field-label\">Message<\/label><input type=\"text\" name=\"wpforms[hp]\" id=\"wpforms-37788-field-hp\" class=\"wpforms-field-medium\"><\/div><div class=\"wpforms-submit-container\" ><input type=\"hidden\" name=\"wpforms[id]\" value=\"37788\"><input type=\"hidden\" name=\"wpforms[author]\" value=\"1\"><button type=\"submit\" name=\"wpforms[submit]\" class=\"wpforms-submit \" id=\"wpforms-submit-37788\" value=\"wpforms-submit\" aria-live=\"assertive\" data-alt-text=\"Sending...\" data-submit-text=\"ENVIAR SOLICITUD\">ENVIAR SOLICITUD<\/button><\/div><\/form><\/div>  <!-- .wpforms-container -->\n","protected":false},"excerpt":{"rendered":"<p>La normativa vigente en Vietnam proh\u00edbe conducir sin una licencia vietnamita. Actualmente, la licencia internacional no es v\u00e1lida en Vietnam. El alquiler de coche con conductor es una opci\u00f3n muy popular. De ah\u00ed, le ofrecemos servicios de transporte confiables y de alta calidad. Nuestra flota incluye una amplia variedad de veh\u00edculos, desde 4 hasta 45 [&hellip;]<\/p>\n","protected":false},"author":1,"featured_media":22790,"parent":202,"menu_order":0,"comment_status":"open","ping_status":"open","template":"","meta":{"footnotes":""},"yoast_head":"<!-- This site is optimized with the Yoast SEO plugin v22.2 - https:\/\/yoast.com\/wordpress\/plugins\/seo\/ -->\n<title>Recogida de coches en el aeropuerto de Hanoi, Saig\u00f3n, Da Nang, Nha Trang<\/title>\n<meta name=\"description\" content=\"Recogida en el aeropuerto: Ofrecemos coches de alta calidad para traslados al aeropuerto y alquiler de coches para excursiones de un d\u00eda en las principales ciudades de Vietnam. Encuentre ofertas y descuentos en alquiler de coches en los destinos m\u00e1s populares de Vietnam.\" \/>\n<meta name=\"robots\" content=\"noindex, follow, max-snippet:-1, max-image-preview:large, max-video-preview:-1\" \/>\n<meta name=\"twitter:label1\" content=\"Est. reading time\" \/>\n\t<meta name=\"twitter:data1\" content=\"2 minutes\" \/>\n<script type=\"application\/ld+json\" class=\"yoast-schema-graph\">{\"@context\":\"https:\/\/schema.org\",\"@graph\":[{\"@type\":\"WebPage\",\"@id\":\"https:\/\/www.getvisavietnam.com\/es\/servicio-extra\/traslado-en-coche-desde-el-aeropuerto\/\",\"url\":\"https:\/\/www.getvisavietnam.com\/es\/servicio-extra\/traslado-en-coche-desde-el-aeropuerto\/\",\"name\":\"Recogida de coches en el aeropuerto de Hanoi, Saig\u00f3n, Da Nang, Nha Trang\",\"isPartOf\":{\"@id\":\"https:\/\/www.getvisavietnam.com\/es\/#website\"},\"primaryImageOfPage\":{\"@id\":\"https:\/\/www.getvisavietnam.com\/es\/servicio-extra\/traslado-en-coche-desde-el-aeropuerto\/#primaryimage\"},\"image\":{\"@id\":\"https:\/\/www.getvisavietnam.com\/es\/servicio-extra\/traslado-en-coche-desde-el-aeropuerto\/#primaryimage\"},\"thumbnailUrl\":\"https:\/\/www.getvisavietnam.com\/es\/wp-content\/uploads\/2018\/12\/Vietnam-car-rental.jpg\",\"datePublished\":\"2025-11-18T01:43:21+00:00\",\"dateModified\":\"2026-03-26T02:22:57+00:00\",\"description\":\"Recogida en el aeropuerto: Ofrecemos coches de alta calidad para traslados al aeropuerto y alquiler de coches para excursiones de un d\u00eda en las principales ciudades de Vietnam. Encuentre ofertas y descuentos en alquiler de coches en los destinos m\u00e1s populares de Vietnam.\",\"breadcrumb\":{\"@id\":\"https:\/\/www.getvisavietnam.com\/es\/servicio-extra\/traslado-en-coche-desde-el-aeropuerto\/#breadcrumb\"},\"inLanguage\":\"en-US\",\"potentialAction\":[{\"@type\":\"ReadAction\",\"target\":[\"https:\/\/www.getvisavietnam.com\/es\/servicio-extra\/traslado-en-coche-desde-el-aeropuerto\/\"]}]},{\"@type\":\"ImageObject\",\"inLanguage\":\"en-US\",\"@id\":\"https:\/\/www.getvisavietnam.com\/es\/servicio-extra\/traslado-en-coche-desde-el-aeropuerto\/#primaryimage\",\"url\":\"https:\/\/www.getvisavietnam.com\/es\/wp-content\/uploads\/2018\/12\/Vietnam-car-rental.jpg\",\"contentUrl\":\"https:\/\/www.getvisavietnam.com\/es\/wp-content\/uploads\/2018\/12\/Vietnam-car-rental.jpg\",\"width\":1600,\"height\":380,\"caption\":\"Vietnam car rental\"},{\"@type\":\"BreadcrumbList\",\"@id\":\"https:\/\/www.getvisavietnam.com\/es\/servicio-extra\/traslado-en-coche-desde-el-aeropuerto\/#breadcrumb\",\"itemListElement\":[{\"@type\":\"ListItem\",\"position\":1,\"name\":\"Inicio\",\"item\":\"https:\/\/www.getvisavietnam.com\/es\/\"},{\"@type\":\"ListItem\",\"position\":2,\"name\":\"Servicio extra\",\"item\":\"https:\/\/www.getvisavietnam.com\/es\/servicio-extra\/\"},{\"@type\":\"ListItem\",\"position\":3,\"name\":\"Traslado en coche desde el aeropuerto\"}]},{\"@type\":\"WebSite\",\"@id\":\"https:\/\/www.getvisavietnam.com\/es\/#website\",\"url\":\"https:\/\/www.getvisavietnam.com\/es\/\",\"name\":\"GetVisaVietnam.com\",\"description\":\"Visa de Vietnam en l\u00ednea para turistas y negocios\",\"alternateName\":\"Get Visa Vietnam\",\"potentialAction\":[{\"@type\":\"SearchAction\",\"target\":{\"@type\":\"EntryPoint\",\"urlTemplate\":\"https:\/\/www.getvisavietnam.com\/es\/?s={search_term_string}\"},\"query-input\":\"required name=search_term_string\"}],\"inLanguage\":\"en-US\"}]}<\/script>\n<!-- \/ Yoast SEO plugin. -->","yoast_head_json":{"title":"Recogida de coches en el aeropuerto de Hanoi, Saig\u00f3n, Da Nang, Nha Trang","description":"Recogida en el aeropuerto: Ofrecemos coches de alta calidad para traslados al aeropuerto y alquiler de coches para excursiones de un d\u00eda en las principales ciudades de Vietnam. Encuentre ofertas y descuentos en alquiler de coches en los destinos m\u00e1s populares de Vietnam.","robots":{"index":"noindex","follow":"follow","max-snippet":"max-snippet:-1","max-image-preview":"max-image-preview:large","max-video-preview":"max-video-preview:-1"},"twitter_misc":{"Est. reading time":"2 minutes"},"schema":{"@context":"https:\/\/schema.org","@graph":[{"@type":"WebPage","@id":"https:\/\/www.getvisavietnam.com\/es\/servicio-extra\/traslado-en-coche-desde-el-aeropuerto\/","url":"https:\/\/www.getvisavietnam.com\/es\/servicio-extra\/traslado-en-coche-desde-el-aeropuerto\/","name":"Recogida de coches en el aeropuerto de Hanoi, Saig\u00f3n, Da Nang, Nha Trang","isPartOf":{"@id":"https:\/\/www.getvisavietnam.com\/es\/#website"},"primaryImageOfPage":{"@id":"https:\/\/www.getvisavietnam.com\/es\/servicio-extra\/traslado-en-coche-desde-el-aeropuerto\/#primaryimage"},"image":{"@id":"https:\/\/www.getvisavietnam.com\/es\/servicio-extra\/traslado-en-coche-desde-el-aeropuerto\/#primaryimage"},"thumbnailUrl":"https:\/\/www.getvisavietnam.com\/es\/wp-content\/uploads\/2018\/12\/Vietnam-car-rental.jpg","datePublished":"2025-11-18T01:43:21+00:00","dateModified":"2026-03-26T02:22:57+00:00","description":"Recogida en el aeropuerto: Ofrecemos coches de alta calidad para traslados al aeropuerto y alquiler de coches para excursiones de un d\u00eda en las principales ciudades de Vietnam. Encuentre ofertas y descuentos en alquiler de coches en los destinos m\u00e1s populares de Vietnam.","breadcrumb":{"@id":"https:\/\/www.getvisavietnam.com\/es\/servicio-extra\/traslado-en-coche-desde-el-aeropuerto\/#breadcrumb"},"inLanguage":"en-US","potentialAction":[{"@type":"ReadAction","target":["https:\/\/www.getvisavietnam.com\/es\/servicio-extra\/traslado-en-coche-desde-el-aeropuerto\/"]}]},{"@type":"ImageObject","inLanguage":"en-US","@id":"https:\/\/www.getvisavietnam.com\/es\/servicio-extra\/traslado-en-coche-desde-el-aeropuerto\/#primaryimage","url":"https:\/\/www.getvisavietnam.com\/es\/wp-content\/uploads\/2018\/12\/Vietnam-car-rental.jpg","contentUrl":"https:\/\/www.getvisavietnam.com\/es\/wp-content\/uploads\/2018\/12\/Vietnam-car-rental.jpg","width":1600,"height":380,"caption":"Vietnam car rental"},{"@type":"BreadcrumbList","@id":"https:\/\/www.getvisavietnam.com\/es\/servicio-extra\/traslado-en-coche-desde-el-aeropuerto\/#breadcrumb","itemListElement":[{"@type":"ListItem","position":1,"name":"Inicio","item":"https:\/\/www.getvisavietnam.com\/es\/"},{"@type":"ListItem","position":2,"name":"Servicio extra","item":"https:\/\/www.getvisavietnam.com\/es\/servicio-extra\/"},{"@type":"ListItem","position":3,"name":"Traslado en coche desde el aeropuerto"}]},{"@type":"WebSite","@id":"https:\/\/www.getvisavietnam.com\/es\/#website","url":"https:\/\/www.getvisavietnam.com\/es\/","name":"GetVisaVietnam.com","description":"Visa de Vietnam en l\u00ednea para turistas y negocios","alternateName":"Get Visa Vietnam","potentialAction":[{"@type":"SearchAction","target":{"@type":"EntryPoint","urlTemplate":"https:\/\/www.getvisavietnam.com\/es\/?s={search_term_string}"},"query-input":"required name=search_term_string"}],"inLanguage":"en-US"}]}},"_links":{"self":[{"href":"https:\/\/www.getvisavietnam.com\/es\/wp-json\/wp\/v2\/pages\/208"}],"collection":[{"href":"https:\/\/www.getvisavietnam.com\/es\/wp-json\/wp\/v2\/pages"}],"about":[{"href":"https:\/\/www.getvisavietnam.com\/es\/wp-json\/wp\/v2\/types\/page"}],"author":[{"embeddable":true,"href":"https:\/\/www.getvisavietnam.com\/es\/wp-json\/wp\/v2\/users\/1"}],"replies":[{"embeddable":true,"href":"https:\/\/www.getvisavietnam.com\/es\/wp-json\/wp\/v2\/comments?post=208"}],"version-history":[{"count":0,"href":"https:\/\/www.getvisavietnam.com\/es\/wp-json\/wp\/v2\/pages\/208\/revisions"}],"up":[{"embeddable":true,"href":"https:\/\/www.getvisavietnam.com\/es\/wp-json\/wp\/v2\/pages\/202"}],"wp:featuredmedia":[{"embeddable":true,"href":"https:\/\/www.getvisavietnam.com\/es\/wp-json\/wp\/v2\/media\/22790"}],"wp:attachment":[{"href":"https:\/\/www.getvisavietnam.com\/es\/wp-json\/wp\/v2\/media?parent=208"}],"curies":[{"name":"wp","href":"https:\/\/api.w.org\/{rel}","templated":true}]}}