{"id":2,"date":"2026-01-16T03:28:46","date_gmt":"2026-01-15T20:28:46","guid":{"rendered":"http:\/\/getvisavietnam.com\/?page_id=2"},"modified":"2026-03-26T09:21:18","modified_gmt":"2026-03-26T02:21:18","slug":"sobre-nosotros","status":"publish","type":"page","link":"https:\/\/www.getvisavietnam.com\/es\/sobre-nosotros\/","title":{"rendered":"Sobre nosotros"},"content":{"rendered":"<p>Como uno de los principales agentes de visado para Vietnam, durante m\u00e1s de 10 a\u00f1os hemos asistido a viajeros individuales, familias y empresarios, brindando asesoramiento y toda la informaci\u00f3n necesaria sobre visados para Vietnam. A lo largo de este tiempo, hemos prestado servicios de visa a millones de clientes, acompa\u00f1\u00e1ndolos en su proceso de solicitud.<\/p>\n<h3>Ofrecemos una amplia gama de servicios adaptados a su presupuesto y necesidades, que incluyen:<\/h3>\n<ul>\n<li>Asesoramiento gratuito sobre visados e inmigraci\u00f3n.<\/li>\n<li>Paquetes de informaci\u00f3n completos para quienes deseen gestionar su propia solicitud.<\/li>\n<li>Asistencia integral durante todo el proceso de solicitud de visado, ayud\u00e1ndole a ahorrar tiempo, esfuerzo y costos.<\/li>\n<li>Servicio de asistencia en el aeropuerto para evitar largas y agotadoras filas.<\/li>\n<li>Servicio VIP: recogida y traslado privado desde el aeropuerto hasta su hotel.<\/li>\n<\/ul>\n<p>Cualquier servicio que necesite, estaremos encantados de dise\u00f1ar un paquete a medida, acorde con sus necesidades y presupuesto.<\/p>\n<h3>NUESTRA POL\u00cdTICAS<\/h3>\n<ul>\n<li>Ofrecer el servicio m\u00e1s r\u00e1pido posible, con tiempos de procesamiento de solo unas horas;<\/li>\n<li>Garantizar la mejor calidad de servicio y precio m\u00e1s competitivo;<\/li>\n<li>Actuar con total transparencia y honestidad: nunca inducimos a error sobre los plazos de tramitaci\u00f3n ni sobre las tarifas del servicio.<\/li>\n<\/ul>\n","protected":false},"excerpt":{"rendered":"<p>Como uno de los principales agentes de visado para Vietnam, durante m\u00e1s de 10 a\u00f1os hemos asistido a viajeros individuales, familias y empresarios, brindando asesoramiento y toda la informaci\u00f3n necesaria sobre visados para Vietnam. A lo largo de este tiempo, hemos prestado servicios de visa a millones de clientes, acompa\u00f1\u00e1ndolos en su proceso de solicitud. [&hellip;]<\/p>\n","protected":false},"author":1,"featured_media":107736,"parent":0,"menu_order":0,"comment_status":"open","ping_status":"open","template":"","meta":{"footnotes":""},"yoast_head":"<!-- This site is optimized with the Yoast SEO plugin v22.2 - https:\/\/yoast.com\/wordpress\/plugins\/seo\/ -->\n<title>Sobre Getvisavietnam.com: una de las agencias l\u00edderes en la obtenci\u00f3n de visas para Vietnam<\/title>\n<meta name=\"description\" content=\"Como una de las agencias l\u00edderes en tr\u00e1mites de visas para Vietnam, durante los \u00faltimos 10 a\u00f1os hemos brindado asesor\u00eda e informaci\u00f3n sobre visas para Vietnam a particulares, familias y empresarios.\" \/>\n<meta name=\"robots\" content=\"noindex, follow, max-snippet:-1, max-image-preview:large, max-video-preview:-1\" \/>\n<meta name=\"twitter:label1\" content=\"Est. reading time\" \/>\n\t<meta name=\"twitter:data1\" content=\"2 minutes\" \/>\n<script type=\"application\/ld+json\" class=\"yoast-schema-graph\">{\"@context\":\"https:\/\/schema.org\",\"@graph\":[{\"@type\":\"WebPage\",\"@id\":\"https:\/\/www.getvisavietnam.com\/es\/sobre-nosotros\/\",\"url\":\"https:\/\/www.getvisavietnam.com\/es\/sobre-nosotros\/\",\"name\":\"Sobre Getvisavietnam.com: una de las agencias l\u00edderes en la obtenci\u00f3n de visas para Vietnam\",\"isPartOf\":{\"@id\":\"https:\/\/www.getvisavietnam.com\/es\/#website\"},\"primaryImageOfPage\":{\"@id\":\"https:\/\/www.getvisavietnam.com\/es\/sobre-nosotros\/#primaryimage\"},\"image\":{\"@id\":\"https:\/\/www.getvisavietnam.com\/es\/sobre-nosotros\/#primaryimage\"},\"thumbnailUrl\":\"https:\/\/www.getvisavietnam.com\/es\/wp-content\/uploads\/2021\/06\/Vietnam-visa.jpg\",\"datePublished\":\"2026-01-15T20:28:46+00:00\",\"dateModified\":\"2026-03-26T02:21:18+00:00\",\"description\":\"Como una de las agencias l\u00edderes en tr\u00e1mites de visas para Vietnam, durante los \u00faltimos 10 a\u00f1os hemos brindado asesor\u00eda e informaci\u00f3n sobre visas para Vietnam a particulares, familias y empresarios.\",\"breadcrumb\":{\"@id\":\"https:\/\/www.getvisavietnam.com\/es\/sobre-nosotros\/#breadcrumb\"},\"inLanguage\":\"en-US\",\"potentialAction\":[{\"@type\":\"ReadAction\",\"target\":[\"https:\/\/www.getvisavietnam.com\/es\/sobre-nosotros\/\"]}]},{\"@type\":\"ImageObject\",\"inLanguage\":\"en-US\",\"@id\":\"https:\/\/www.getvisavietnam.com\/es\/sobre-nosotros\/#primaryimage\",\"url\":\"https:\/\/www.getvisavietnam.com\/es\/wp-content\/uploads\/2021\/06\/Vietnam-visa.jpg\",\"contentUrl\":\"https:\/\/www.getvisavietnam.com\/es\/wp-content\/uploads\/2021\/06\/Vietnam-visa.jpg\",\"width\":1600,\"height\":500,\"caption\":\"Vietnam-visa\"},{\"@type\":\"BreadcrumbList\",\"@id\":\"https:\/\/www.getvisavietnam.com\/es\/sobre-nosotros\/#breadcrumb\",\"itemListElement\":[{\"@type\":\"ListItem\",\"position\":1,\"name\":\"Inicio\",\"item\":\"https:\/\/www.getvisavietnam.com\/es\/\"},{\"@type\":\"ListItem\",\"position\":2,\"name\":\"Sobre nosotros\"}]},{\"@type\":\"WebSite\",\"@id\":\"https:\/\/www.getvisavietnam.com\/es\/#website\",\"url\":\"https:\/\/www.getvisavietnam.com\/es\/\",\"name\":\"GetVisaVietnam.com\",\"description\":\"Visa de Vietnam en l\u00ednea para turistas y negocios\",\"alternateName\":\"Get Visa Vietnam\",\"potentialAction\":[{\"@type\":\"SearchAction\",\"target\":{\"@type\":\"EntryPoint\",\"urlTemplate\":\"https:\/\/www.getvisavietnam.com\/es\/?s={search_term_string}\"},\"query-input\":\"required name=search_term_string\"}],\"inLanguage\":\"en-US\"}]}<\/script>\n<!-- \/ Yoast SEO plugin. -->","yoast_head_json":{"title":"Sobre Getvisavietnam.com: una de las agencias l\u00edderes en la obtenci\u00f3n de visas para Vietnam","description":"Como una de las agencias l\u00edderes en tr\u00e1mites de visas para Vietnam, durante los \u00faltimos 10 a\u00f1os hemos brindado asesor\u00eda e informaci\u00f3n sobre visas para Vietnam a particulares, familias y empresarios.","robots":{"index":"noindex","follow":"follow","max-snippet":"max-snippet:-1","max-image-preview":"max-image-preview:large","max-video-preview":"max-video-preview:-1"},"twitter_misc":{"Est. reading time":"2 minutes"},"schema":{"@context":"https:\/\/schema.org","@graph":[{"@type":"WebPage","@id":"https:\/\/www.getvisavietnam.com\/es\/sobre-nosotros\/","url":"https:\/\/www.getvisavietnam.com\/es\/sobre-nosotros\/","name":"Sobre Getvisavietnam.com: una de las agencias l\u00edderes en la obtenci\u00f3n de visas para Vietnam","isPartOf":{"@id":"https:\/\/www.getvisavietnam.com\/es\/#website"},"primaryImageOfPage":{"@id":"https:\/\/www.getvisavietnam.com\/es\/sobre-nosotros\/#primaryimage"},"image":{"@id":"https:\/\/www.getvisavietnam.com\/es\/sobre-nosotros\/#primaryimage"},"thumbnailUrl":"https:\/\/www.getvisavietnam.com\/es\/wp-content\/uploads\/2021\/06\/Vietnam-visa.jpg","datePublished":"2026-01-15T20:28:46+00:00","dateModified":"2026-03-26T02:21:18+00:00","description":"Como una de las agencias l\u00edderes en tr\u00e1mites de visas para Vietnam, durante los \u00faltimos 10 a\u00f1os hemos brindado asesor\u00eda e informaci\u00f3n sobre visas para Vietnam a particulares, familias y empresarios.","breadcrumb":{"@id":"https:\/\/www.getvisavietnam.com\/es\/sobre-nosotros\/#breadcrumb"},"inLanguage":"en-US","potentialAction":[{"@type":"ReadAction","target":["https:\/\/www.getvisavietnam.com\/es\/sobre-nosotros\/"]}]},{"@type":"ImageObject","inLanguage":"en-US","@id":"https:\/\/www.getvisavietnam.com\/es\/sobre-nosotros\/#primaryimage","url":"https:\/\/www.getvisavietnam.com\/es\/wp-content\/uploads\/2021\/06\/Vietnam-visa.jpg","contentUrl":"https:\/\/www.getvisavietnam.com\/es\/wp-content\/uploads\/2021\/06\/Vietnam-visa.jpg","width":1600,"height":500,"caption":"Vietnam-visa"},{"@type":"BreadcrumbList","@id":"https:\/\/www.getvisavietnam.com\/es\/sobre-nosotros\/#breadcrumb","itemListElement":[{"@type":"ListItem","position":1,"name":"Inicio","item":"https:\/\/www.getvisavietnam.com\/es\/"},{"@type":"ListItem","position":2,"name":"Sobre nosotros"}]},{"@type":"WebSite","@id":"https:\/\/www.getvisavietnam.com\/es\/#website","url":"https:\/\/www.getvisavietnam.com\/es\/","name":"GetVisaVietnam.com","description":"Visa de Vietnam en l\u00ednea para turistas y negocios","alternateName":"Get Visa Vietnam","potentialAction":[{"@type":"SearchAction","target":{"@type":"EntryPoint","urlTemplate":"https:\/\/www.getvisavietnam.com\/es\/?s={search_term_string}"},"query-input":"required name=search_term_string"}],"inLanguage":"en-US"}]}},"_links":{"self":[{"href":"https:\/\/www.getvisavietnam.com\/es\/wp-json\/wp\/v2\/pages\/2"}],"collection":[{"href":"https:\/\/www.getvisavietnam.com\/es\/wp-json\/wp\/v2\/pages"}],"about":[{"href":"https:\/\/www.getvisavietnam.com\/es\/wp-json\/wp\/v2\/types\/page"}],"author":[{"embeddable":true,"href":"https:\/\/www.getvisavietnam.com\/es\/wp-json\/wp\/v2\/users\/1"}],"replies":[{"embeddable":true,"href":"https:\/\/www.getvisavietnam.com\/es\/wp-json\/wp\/v2\/comments?post=2"}],"version-history":[{"count":0,"href":"https:\/\/www.getvisavietnam.com\/es\/wp-json\/wp\/v2\/pages\/2\/revisions"}],"wp:featuredmedia":[{"embeddable":true,"href":"https:\/\/www.getvisavietnam.com\/es\/wp-json\/wp\/v2\/media\/107736"}],"wp:attachment":[{"href":"https:\/\/www.getvisavietnam.com\/es\/wp-json\/wp\/v2\/media?parent=2"}],"curies":[{"name":"wp","href":"https:\/\/api.w.org\/{rel}","templated":true}]}}